{"id":665,"date":"2023-06-05T23:41:35","date_gmt":"2023-06-05T21:41:35","guid":{"rendered":"https:\/\/www.charlesfahrer.com\/en\/?post_type=product&#038;p=665"},"modified":"2025-01-24T14:05:43","modified_gmt":"2025-01-24T13:05:43","slug":"riesling-cuvees-ht-koenigsbourg","status":"publish","type":"product","link":"https:\/\/www.charlesfahrer.com\/en\/product\/riesling-cuvees-ht-koenigsbourg\/","title":{"rendered":"Riesling Cuv\u00e9es des Terroirs du Haut-Koenigsbourg 2023"},"content":{"rendered":"","protected":false},"excerpt":{"rendered":"<div>\n<div>\n<p>On the nose, ripe pear, peach, citrus fruits: mandarin, clementine. Fresh on the palate with citrus fruit: lemon, clementine, lightly wooded and a finish of crisp Riesling freshness. 13\u00b0 and 3,7 g\/l sugar.<\/p>\n<\/div>\n<\/div>\n<p>&nbsp;<\/p>\n<h6>Food\/Wine Pairing :<\/h6>\n<p>To match with fish dishes such as turbot fish with orange and rosemary sauce, fish filet with lemongrass sauce\u2026 It is an excellent accompaniment to sea bass, lobsters, fish tartars, and marinated fish, and even excellent with poultry.<\/p>\n<p><a href=\"https:\/\/www.charlesfahrer.com\/en\/wp-content\/uploads\/2024\/11\/2.-Riesling-Terroir-du-Haut-Koenigsbourg-2023.pdf\" target=\"_blank\" rel=\"noopener\">Download data sheet\u00a0<\/a><\/p>\n","protected":false},"featured_media":224605,"template":"","meta":[],"product_brand":[],"product_cat":[20],"product_tag":[],"class_list":{"0":"post-665","1":"product","2":"type-product","3":"status-publish","4":"has-post-thumbnail","6":"product_cat-cuvees-des-terroirs-du-haut-koenigsbourg","7":"product_shipping_class-livraison-charles-fahrer","9":"first","10":"outofstock","11":"taxable","12":"shipping-taxable","13":"purchasable","14":"product-type-simple"},"yoast_head":"<!-- This site is optimized with the Yoast SEO plugin v27.5 - https:\/\/yoast.com\/product\/yoast-seo-wordpress\/ -->\n<title>Buy online our Riesling Cuv\u00e9es des Terroirs Ht-Koenigsbourg<\/title>\n<meta name=\"description\" content=\"Immerse yourself in the world of Alsace wines with our Riesling Cuv\u00e9es des Terroirs du Haut-Koenigsbourg, an exceptional cuv\u00e9e that reveals all of the\" \/>\n<meta name=\"robots\" content=\"index, follow, max-snippet:-1, max-image-preview:large, max-video-preview:-1\" \/>\n<link rel=\"canonical\" href=\"https:\/\/www.charlesfahrer.com\/en\/product\/riesling-cuvees-ht-koenigsbourg\/\" \/>\n<meta property=\"og:locale\" content=\"en_US\" \/>\n<meta property=\"og:type\" content=\"article\" \/>\n<meta property=\"og:title\" content=\"Buy online our Riesling Cuv\u00e9es des Terroirs Ht-Koenigsbourg\" \/>\n<meta property=\"og:description\" content=\"Immerse yourself in the world of Alsace wines with our Riesling Cuv\u00e9es des Terroirs du Haut-Koenigsbourg, an exceptional cuv\u00e9e that reveals all of the\" \/>\n<meta property=\"og:url\" content=\"https:\/\/www.charlesfahrer.com\/en\/product\/riesling-cuvees-ht-koenigsbourg\/\" \/>\n<meta property=\"og:site_name\" content=\"Charles Fahrer\" \/>\n<meta property=\"article:modified_time\" content=\"2025-01-24T13:05:43+00:00\" \/>\n<meta property=\"og:image\" content=\"https:\/\/www.charlesfahrer.com\/en\/wp-content\/uploads\/2024\/11\/Riesling-HK-2023-Bio.png\" \/>\n\t<meta property=\"og:image:width\" content=\"600\" \/>\n\t<meta property=\"og:image:height\" content=\"1500\" \/>\n\t<meta property=\"og:image:type\" content=\"image\/png\" \/>\n<meta name=\"twitter:card\" content=\"summary_large_image\" \/>\n<meta name=\"twitter:label1\" content=\"Est. reading time\" \/>\n\t<meta name=\"twitter:data1\" content=\"1 minute\" \/>\n<script type=\"application\/ld+json\" class=\"yoast-schema-graph\">{\"@context\":\"https:\\\/\\\/schema.org\",\"@graph\":[{\"@type\":\"WebPage\",\"@id\":\"https:\\\/\\\/www.charlesfahrer.com\\\/en\\\/product\\\/riesling-cuvees-ht-koenigsbourg\\\/\",\"url\":\"https:\\\/\\\/www.charlesfahrer.com\\\/en\\\/product\\\/riesling-cuvees-ht-koenigsbourg\\\/\",\"name\":\"Buy online our Riesling Cuv\u00e9es des Terroirs Ht-Koenigsbourg\",\"isPartOf\":{\"@id\":\"https:\\\/\\\/www.charlesfahrer.com\\\/en\\\/#website\"},\"primaryImageOfPage\":{\"@id\":\"https:\\\/\\\/www.charlesfahrer.com\\\/en\\\/product\\\/riesling-cuvees-ht-koenigsbourg\\\/#primaryimage\"},\"image\":{\"@id\":\"https:\\\/\\\/www.charlesfahrer.com\\\/en\\\/product\\\/riesling-cuvees-ht-koenigsbourg\\\/#primaryimage\"},\"thumbnailUrl\":\"https:\\\/\\\/www.charlesfahrer.com\\\/en\\\/wp-content\\\/uploads\\\/2024\\\/11\\\/Riesling-HK-2023-Bio.png\",\"datePublished\":\"2023-06-05T21:41:35+00:00\",\"dateModified\":\"2025-01-24T13:05:43+00:00\",\"description\":\"Immerse yourself in the world of Alsace wines with our Riesling Cuv\u00e9es des Terroirs du Haut-Koenigsbourg, an exceptional cuv\u00e9e that reveals all of the\",\"breadcrumb\":{\"@id\":\"https:\\\/\\\/www.charlesfahrer.com\\\/en\\\/product\\\/riesling-cuvees-ht-koenigsbourg\\\/#breadcrumb\"},\"inLanguage\":\"en-US\",\"potentialAction\":[{\"@type\":\"ReadAction\",\"target\":[\"https:\\\/\\\/www.charlesfahrer.com\\\/en\\\/product\\\/riesling-cuvees-ht-koenigsbourg\\\/\"]}]},{\"@type\":\"ImageObject\",\"inLanguage\":\"en-US\",\"@id\":\"https:\\\/\\\/www.charlesfahrer.com\\\/en\\\/product\\\/riesling-cuvees-ht-koenigsbourg\\\/#primaryimage\",\"url\":\"https:\\\/\\\/www.charlesfahrer.com\\\/en\\\/wp-content\\\/uploads\\\/2024\\\/11\\\/Riesling-HK-2023-Bio.png\",\"contentUrl\":\"https:\\\/\\\/www.charlesfahrer.com\\\/en\\\/wp-content\\\/uploads\\\/2024\\\/11\\\/Riesling-HK-2023-Bio.png\",\"width\":600,\"height\":1500},{\"@type\":\"BreadcrumbList\",\"@id\":\"https:\\\/\\\/www.charlesfahrer.com\\\/en\\\/product\\\/riesling-cuvees-ht-koenigsbourg\\\/#breadcrumb\",\"itemListElement\":[{\"@type\":\"ListItem\",\"position\":1,\"name\":\"Accueil\",\"item\":\"https:\\\/\\\/www.charlesfahrer.com\\\/en\\\/\"},{\"@type\":\"ListItem\",\"position\":2,\"name\":\"Produits\",\"item\":\"https:\\\/\\\/www.charlesfahrer.com\\\/en\\\/boutique\\\/\"},{\"@type\":\"ListItem\",\"position\":3,\"name\":\"Riesling Cuv\u00e9es des Terroirs du Haut-Koenigsbourg 2023\"}]},{\"@type\":\"WebSite\",\"@id\":\"https:\\\/\\\/www.charlesfahrer.com\\\/en\\\/#website\",\"url\":\"https:\\\/\\\/www.charlesfahrer.com\\\/en\\\/\",\"name\":\"Charles Fahrer\",\"description\":\"vente en ligne vins d&#039;Alsace\",\"publisher\":{\"@id\":\"https:\\\/\\\/www.charlesfahrer.com\\\/en\\\/#organization\"},\"potentialAction\":[{\"@type\":\"SearchAction\",\"target\":{\"@type\":\"EntryPoint\",\"urlTemplate\":\"https:\\\/\\\/www.charlesfahrer.com\\\/en\\\/?s={search_term_string}\"},\"query-input\":{\"@type\":\"PropertyValueSpecification\",\"valueRequired\":true,\"valueName\":\"search_term_string\"}}],\"inLanguage\":\"en-US\"},{\"@type\":\"Organization\",\"@id\":\"https:\\\/\\\/www.charlesfahrer.com\\\/en\\\/#organization\",\"name\":\"Charles Fahrer\",\"url\":\"https:\\\/\\\/www.charlesfahrer.com\\\/en\\\/\",\"logo\":{\"@type\":\"ImageObject\",\"inLanguage\":\"en-US\",\"@id\":\"https:\\\/\\\/www.charlesfahrer.com\\\/en\\\/#\\\/schema\\\/logo\\\/image\\\/\",\"url\":\"https:\\\/\\\/www.charlesfahrer.com\\\/en\\\/wp-content\\\/uploads\\\/2024\\\/07\\\/Logo_CF.png\",\"contentUrl\":\"https:\\\/\\\/www.charlesfahrer.com\\\/en\\\/wp-content\\\/uploads\\\/2024\\\/07\\\/Logo_CF.png\",\"width\":958,\"height\":538,\"caption\":\"Charles Fahrer\"},\"image\":{\"@id\":\"https:\\\/\\\/www.charlesfahrer.com\\\/en\\\/#\\\/schema\\\/logo\\\/image\\\/\"}}]}<\/script>\n<!-- \/ Yoast SEO plugin. -->","yoast_head_json":{"title":"Buy online our Riesling Cuv\u00e9es des Terroirs Ht-Koenigsbourg","description":"Immerse yourself in the world of Alsace wines with our Riesling Cuv\u00e9es des Terroirs du Haut-Koenigsbourg, an exceptional cuv\u00e9e that reveals all of the","robots":{"index":"index","follow":"follow","max-snippet":"max-snippet:-1","max-image-preview":"max-image-preview:large","max-video-preview":"max-video-preview:-1"},"canonical":"https:\/\/www.charlesfahrer.com\/en\/product\/riesling-cuvees-ht-koenigsbourg\/","og_locale":"en_US","og_type":"article","og_title":"Buy online our Riesling Cuv\u00e9es des Terroirs Ht-Koenigsbourg","og_description":"Immerse yourself in the world of Alsace wines with our Riesling Cuv\u00e9es des Terroirs du Haut-Koenigsbourg, an exceptional cuv\u00e9e that reveals all of the","og_url":"https:\/\/www.charlesfahrer.com\/en\/product\/riesling-cuvees-ht-koenigsbourg\/","og_site_name":"Charles Fahrer","article_modified_time":"2025-01-24T13:05:43+00:00","og_image":[{"width":600,"height":1500,"url":"https:\/\/www.charlesfahrer.com\/en\/wp-content\/uploads\/2024\/11\/Riesling-HK-2023-Bio.png","type":"image\/png"}],"twitter_card":"summary_large_image","twitter_misc":{"Est. reading time":"1 minute"},"schema":{"@context":"https:\/\/schema.org","@graph":[{"@type":"WebPage","@id":"https:\/\/www.charlesfahrer.com\/en\/product\/riesling-cuvees-ht-koenigsbourg\/","url":"https:\/\/www.charlesfahrer.com\/en\/product\/riesling-cuvees-ht-koenigsbourg\/","name":"Buy online our Riesling Cuv\u00e9es des Terroirs Ht-Koenigsbourg","isPartOf":{"@id":"https:\/\/www.charlesfahrer.com\/en\/#website"},"primaryImageOfPage":{"@id":"https:\/\/www.charlesfahrer.com\/en\/product\/riesling-cuvees-ht-koenigsbourg\/#primaryimage"},"image":{"@id":"https:\/\/www.charlesfahrer.com\/en\/product\/riesling-cuvees-ht-koenigsbourg\/#primaryimage"},"thumbnailUrl":"https:\/\/www.charlesfahrer.com\/en\/wp-content\/uploads\/2024\/11\/Riesling-HK-2023-Bio.png","datePublished":"2023-06-05T21:41:35+00:00","dateModified":"2025-01-24T13:05:43+00:00","description":"Immerse yourself in the world of Alsace wines with our Riesling Cuv\u00e9es des Terroirs du Haut-Koenigsbourg, an exceptional cuv\u00e9e that reveals all of the","breadcrumb":{"@id":"https:\/\/www.charlesfahrer.com\/en\/product\/riesling-cuvees-ht-koenigsbourg\/#breadcrumb"},"inLanguage":"en-US","potentialAction":[{"@type":"ReadAction","target":["https:\/\/www.charlesfahrer.com\/en\/product\/riesling-cuvees-ht-koenigsbourg\/"]}]},{"@type":"ImageObject","inLanguage":"en-US","@id":"https:\/\/www.charlesfahrer.com\/en\/product\/riesling-cuvees-ht-koenigsbourg\/#primaryimage","url":"https:\/\/www.charlesfahrer.com\/en\/wp-content\/uploads\/2024\/11\/Riesling-HK-2023-Bio.png","contentUrl":"https:\/\/www.charlesfahrer.com\/en\/wp-content\/uploads\/2024\/11\/Riesling-HK-2023-Bio.png","width":600,"height":1500},{"@type":"BreadcrumbList","@id":"https:\/\/www.charlesfahrer.com\/en\/product\/riesling-cuvees-ht-koenigsbourg\/#breadcrumb","itemListElement":[{"@type":"ListItem","position":1,"name":"Accueil","item":"https:\/\/www.charlesfahrer.com\/en\/"},{"@type":"ListItem","position":2,"name":"Produits","item":"https:\/\/www.charlesfahrer.com\/en\/boutique\/"},{"@type":"ListItem","position":3,"name":"Riesling Cuv\u00e9es des Terroirs du Haut-Koenigsbourg 2023"}]},{"@type":"WebSite","@id":"https:\/\/www.charlesfahrer.com\/en\/#website","url":"https:\/\/www.charlesfahrer.com\/en\/","name":"Charles Fahrer","description":"vente en ligne vins d&#039;Alsace","publisher":{"@id":"https:\/\/www.charlesfahrer.com\/en\/#organization"},"potentialAction":[{"@type":"SearchAction","target":{"@type":"EntryPoint","urlTemplate":"https:\/\/www.charlesfahrer.com\/en\/?s={search_term_string}"},"query-input":{"@type":"PropertyValueSpecification","valueRequired":true,"valueName":"search_term_string"}}],"inLanguage":"en-US"},{"@type":"Organization","@id":"https:\/\/www.charlesfahrer.com\/en\/#organization","name":"Charles Fahrer","url":"https:\/\/www.charlesfahrer.com\/en\/","logo":{"@type":"ImageObject","inLanguage":"en-US","@id":"https:\/\/www.charlesfahrer.com\/en\/#\/schema\/logo\/image\/","url":"https:\/\/www.charlesfahrer.com\/en\/wp-content\/uploads\/2024\/07\/Logo_CF.png","contentUrl":"https:\/\/www.charlesfahrer.com\/en\/wp-content\/uploads\/2024\/07\/Logo_CF.png","width":958,"height":538,"caption":"Charles Fahrer"},"image":{"@id":"https:\/\/www.charlesfahrer.com\/en\/#\/schema\/logo\/image\/"}}]}},"_links":{"self":[{"href":"https:\/\/www.charlesfahrer.com\/en\/wp-json\/wp\/v2\/product\/665","targetHints":{"allow":["GET"]}}],"collection":[{"href":"https:\/\/www.charlesfahrer.com\/en\/wp-json\/wp\/v2\/product"}],"about":[{"href":"https:\/\/www.charlesfahrer.com\/en\/wp-json\/wp\/v2\/types\/product"}],"wp:featuredmedia":[{"embeddable":true,"href":"https:\/\/www.charlesfahrer.com\/en\/wp-json\/wp\/v2\/media\/224605"}],"wp:attachment":[{"href":"https:\/\/www.charlesfahrer.com\/en\/wp-json\/wp\/v2\/media?parent=665"}],"wp:term":[{"taxonomy":"product_brand","embeddable":true,"href":"https:\/\/www.charlesfahrer.com\/en\/wp-json\/wp\/v2\/product_brand?post=665"},{"taxonomy":"product_cat","embeddable":true,"href":"https:\/\/www.charlesfahrer.com\/en\/wp-json\/wp\/v2\/product_cat?post=665"},{"taxonomy":"product_tag","embeddable":true,"href":"https:\/\/www.charlesfahrer.com\/en\/wp-json\/wp\/v2\/product_tag?post=665"}],"curies":[{"name":"wp","href":"https:\/\/api.w.org\/{rel}","templated":true}]}}